{"id":3,"date":"2019-01-13T19:31:24","date_gmt":"2019-01-13T19:31:24","guid":{"rendered":"https:\/\/reservaespaciosdeportivos.laroda.es\/?page_id=3"},"modified":"2021-01-04T16:42:02","modified_gmt":"2021-01-04T15:42:02","slug":"privacy-policy","status":"publish","type":"page","link":"https:\/\/reservaespaciosdeportivos.laroda.es\/?page_id=3","title":{"rendered":"Aviso Legal-Pol\u00edtica de Privacidad"},"content":{"rendered":"[et_pb_section fb_built=\u00bb1&#8243; _builder_version=\u00bb3.22&#8243;][et_pb_row _builder_version=\u00bb3.25&#8243; background_size=\u00bbinitial\u00bb background_position=\u00bbtop_left\u00bb background_repeat=\u00bbrepeat\u00bb][et_pb_column type=\u00bb4_4&#8243; _builder_version=\u00bb3.25&#8243; custom_padding=\u00bb|||\u00bb custom_padding__hover=\u00bb|||\u00bb][et_pb_text _builder_version=\u00bb4.7.7&#8243; background_size=\u00bbinitial\u00bb background_position=\u00bbtop_left\u00bb background_repeat=\u00bbrepeat\u00bb hover_enabled=\u00bb0&#8243; sticky_enabled=\u00bb0&#8243;]<div class=\"wpex-vc-row-wrap clr\">\n<div class=\"vc_row wpb_row vc_row-fluid\">\n<div class=\"wpex-vc-columns-wrap clr\">\n<div class=\"wpb_column vc_column_container vc_col-sm-12\">\n<div class=\"vc_column-inner wpex-clr\">\n<div class=\"wpb_wrapper wpex-vc-column-wrapper wpex-clr \">\n<div class=\"wpb_single_image wpb_content_element vc_align_center\">\n<div class=\"wpb_wrapper\">\n<div class=\"vc_single_image-wrapper\"><img decoding=\"async\" width=\"140\" height=\"140\" src=\"https:\/\/laroda.es\/wp-content\/uploads\/2016\/06\/logo-ayuntamiento-de-la-roda.png\" class=\"vc_single_image-img attachment-full\" alt=\"\" loading=\"lazy\" style=\"display: block; margin-left: auto; margin-right: auto;\" \/><\/div>\n<\/div>\n<\/div>\n<\/div>\n<\/div>\n<\/div>\n<\/div>\n<\/div>\n<\/div>\n<div class=\"wpex-vc-row-wrap clr\">\n<div class=\"vc_row wpb_row vc_row-fluid\">\n<div class=\"wpex-vc-columns-wrap clr\">\n<div class=\"wpb_column vc_column_container vc_col-sm-12\">\n<div class=\"vc_column-inner wpex-clr\">\n<div class=\"wpb_wrapper wpex-vc-column-wrapper wpex-clr \">\n<div class=\"wpb_text_column wpb_content_element \">\n<div class=\"wpb_wrapper\">\n<p class=\"titlat_22\"><span><b>AVISO LEGAL<\/b><\/span><\/p>\n<p class=\"fechanoticias\" align=\"justify\"><span>El Ayuntamiento de La Roda, a trav\u00e9s del dominio reservaespaciosdeportivos.laroda.es facilita informaci\u00f3n de inter\u00e9s general de la poblaci\u00f3n y, en especial, informaci\u00f3n y gestiones propias de la organizaci\u00f3n municipal. <\/span><\/p>\n<p class=\"fechanoticias\" align=\"justify\"><span>La informaci\u00f3n facilitada es la vigente en el momento de su publicaci\u00f3n. <\/span><\/p>\n<p class=\"fechanoticias\" align=\"justify\"><span>El Ayuntamiento de La Roda procura que esta informaci\u00f3n sea exacta y precisa, y procede a su actualizaci\u00f3n con la m\u00e1xima celeridad posible, tratando de evitar errores y corrigi\u00e9ndolos tan pronto como los detecta. No obstante, el Ayuntamiento de La Roda no puede garantizar la inexistencia de errores ni que el contenido de la informaci\u00f3n se encuentre permanentemente actualizado. <\/span><\/p>\n<p class=\"fechanoticias\" align=\"justify\"><span>El consistorio podr\u00e1 efectuar, en cualquier momento y sin necesidad de previo aviso, modificaciones, supresiones o actualizaciones de la informaci\u00f3n contenida en laroda.es o en su configuraci\u00f3n o presentaci\u00f3n. <\/span><\/p>\n<p class=\"fechanoticias\" align=\"justify\"><span>El acceso al dominio reservaespaciosdeportivos.laroda.es, as\u00ed como el uso de la informaci\u00f3n que contiene, son de la exclusiva responsabilidad del usuario. El Ayuntamiento de La Roda no es responsable de ning\u00fan perjuicio que pudiera derivarse de esos hechos, ni tampoco puede garantizar que el acceso no se vea interrumpido o que el contenido o software al que pueda accederse est\u00e9 libre de error o de causar da\u00f1o. <\/span><\/p>\n<p class=\"fechanoticias\" align=\"justify\"><span>La informaci\u00f3n proporcionada en respuesta a cualquier consulta o petici\u00f3n de informaci\u00f3n tiene car\u00e1cter meramente orientativo y en ning\u00fan caso resultar\u00e1 vinculante para la resoluci\u00f3n de los procedimientos administrativos, los cuales se hallan estrictamente sujetos a las normas legales o reglamentarias que les sean de aplicaci\u00f3n. <\/span><\/p>\n<p class=\"fechanoticias\" align=\"justify\"><\/p>\n<p class=\"fechanoticias\" align=\"justify\"><span>Los contenidos de este dominio pueden ser descargados en el terminal del usuario siempre que sea para su uso privado y sin ning\u00fan fin comercial, pero no pueden ser objeto de explotaci\u00f3n, reproducci\u00f3n, distribuci\u00f3n, modificaci\u00f3n, comunicaci\u00f3n p\u00fablica, cesi\u00f3n o transformaci\u00f3n, salvo autorizaci\u00f3n espec\u00edfica y expresa.<\/span><\/p>\n<p>&nbsp;<\/p>\n<p class=\"titlat_33\"><span><b>PROTECCI\u00d3N DE DATOS<\/b><\/span><\/p>\n<p class=\"fechanoticias\" align=\"justify\"><span>La visita al dominio reservaespaciosdeportivos.laroda.es se efect\u00faa en forma an\u00f3nima. <\/span><\/p>\n<p class=\"fechanoticias\" align=\"justify\"><span>Solamente para poder acceder al servicio de consultas, reclamaciones o preocupaciones los usuarios habr\u00e1n de suministrar los datos personales imprescindibles para la prestaci\u00f3n del servicio solicitado. <\/span><\/p>\n<p class=\"fechanoticias\" align=\"justify\"><span>Estos datos se incorporar\u00e1n a los correspondientes ficheros informatizados del Ayuntamiento de La Roda y ser\u00e1n tratados de conformidad con la regulaci\u00f3n establecida por la Ley Org\u00e1nica 15\/1.999, de 13 de diciembre, de Protecci\u00f3n de Datos de Car\u00e1cter Personal y dem\u00e1s disposiciones de aplicaci\u00f3n. <\/span><\/p>\n<p class=\"fechanoticias\" align=\"justify\"><span>Los datos recabados \u00fanicamente ser\u00e1n objeto de cesi\u00f3n, en su caso, previo consentimiento del interesado o de acuerdo con lo previsto en la citada Ley Org\u00e1nica de Protecci\u00f3n de Datos de Car\u00e1cter Personal. <\/span><\/p>\n<p class=\"fechanoticias\" align=\"justify\"><span>Si lo desea, para ejercitar los derechos de acceso, rectificaci\u00f3n, cancelaci\u00f3n y oposici\u00f3n, previstos por la Ley, pueden dirigirse al SERVICIO DE ATENCI\u00d3N AL CIUDADANO por las siguientes v\u00edas: <\/span><\/p>\n<ul>\n<li>\n<p class=\"fechanoticias\" align=\"justify\"><span>Visitando personalmente la oficina del SAC, sita en la segunda planta del Ayuntamiento de La Roda, Plaza Capit\u00e1n Aguado Escribano,1 \u2013 02630 La Roda (Albacete), <\/span><\/p>\n<\/li>\n<li>\n<p class=\"fechanoticias\" align=\"justify\"><span>Por tel\u00e9fono: 967 44 14 03 \u2013 618 73 79 88 <\/span><\/p>\n<\/li>\n<li>\n<p class=\"fechanoticias\" align=\"justify\"><span>A trav\u00e9s de la pagina web: www.laroda.es <\/span><\/p>\n<\/li>\n<li>\n<p class=\"fechanoticias\" align=\"justify\"><span>Por carta, dirigida al Servicio de Atenci\u00f3n al Ciudadano, a la direcci\u00f3n: Ayuntamiento de La Roda, C\/ Capit\u00e1n Escribano Aguado, 1- 02630 La Roda (Albacete)<\/span><\/p>\n<\/li>\n<\/ul>\n<\/div>\n<\/div>\n<\/div>\n<\/div>\n<\/div>\n<\/div>\n<\/div>\n<\/div>[\/et_pb_text][\/et_pb_column][\/et_pb_row][\/et_pb_section]","protected":false},"excerpt":{"rendered":"","protected":false},"author":4,"featured_media":0,"parent":0,"menu_order":0,"comment_status":"closed","ping_status":"closed","template":"","meta":{"_et_pb_use_builder":"on","_et_pb_old_content":"<!-- wp:heading -->\n<h2>Who we are<\/h2>\n<!-- \/wp:heading -->\n\n<!-- wp:paragraph -->\n<p>Our website address is: https:\/\/reservaespaciosdeportivos.laroda.es.<\/p>\n<!-- \/wp:paragraph -->\n\n<!-- wp:heading -->\n<h2>What personal data we collect and why we collect it<\/h2>\n<!-- \/wp:heading -->\n\n<!-- wp:heading {\"level\":3} -->\n<h3>Comments<\/h3>\n<!-- \/wp:heading -->\n\n<!-- wp:paragraph -->\n<p>When visitors leave comments on the site we collect the data shown in the comments form, and also the visitor\u2019s IP address and browser user agent string to help spam detection.<\/p>\n<!-- \/wp:paragraph -->\n\n<!-- wp:paragraph -->\n<p>An anonymized string created from your email address (also called a hash) may be provided to the Gravatar service to see if you are using it. The Gravatar service privacy policy is available here: https:\/\/automattic.com\/privacy\/. After approval of your comment, your profile picture is visible to the public in the context of your comment.<\/p>\n<!-- \/wp:paragraph -->\n\n<!-- wp:heading {\"level\":3} -->\n<h3>Media<\/h3>\n<!-- \/wp:heading -->\n\n<!-- wp:paragraph -->\n<p>If you upload images to the website, you should avoid uploading images with embedded location data (EXIF GPS) included. Visitors to the website can download and extract any location data from images on the website.<\/p>\n<!-- \/wp:paragraph -->\n\n<!-- wp:heading {\"level\":3} -->\n<h3>Contact forms<\/h3>\n<!-- \/wp:heading -->\n\n<!-- wp:heading {\"level\":3} -->\n<h3>Cookies<\/h3>\n<!-- \/wp:heading -->\n\n<!-- wp:paragraph -->\n<p>If you leave a comment on our site you may opt-in to saving your name, email address and website in cookies. These are for your convenience so that you do not have to fill in your details again when you leave another comment. These cookies will last for one year.<\/p>\n<!-- \/wp:paragraph -->\n\n<!-- wp:paragraph -->\n<p>If you have an account and you log in to this site, we will set a temporary cookie to determine if your browser accepts cookies. This cookie contains no personal data and is discarded when you close your browser.<\/p>\n<!-- \/wp:paragraph -->\n\n<!-- wp:paragraph -->\n<p>When you log in, we will also set up several cookies to save your login information and your screen display choices. Login cookies last for two days, and screen options cookies last for a year. If you select \"Remember Me\", your login will persist for two weeks. If you log out of your account, the login cookies will be removed.<\/p>\n<!-- \/wp:paragraph -->\n\n<!-- wp:paragraph -->\n<p>If you edit or publish an article, an additional cookie will be saved in your browser. This cookie includes no personal data and simply indicates the post ID of the article you just edited. It expires after 1 day.<\/p>\n<!-- \/wp:paragraph -->\n\n<!-- wp:heading {\"level\":3} -->\n<h3>Embedded content from other websites<\/h3>\n<!-- \/wp:heading -->\n\n<!-- wp:paragraph -->\n<p>Articles on this site may include embedded content (e.g. videos, images, articles, etc.). Embedded content from other websites behaves in the exact same way as if the visitor has visited the other website.<\/p>\n<!-- \/wp:paragraph -->\n\n<!-- wp:paragraph -->\n<p>These websites may collect data about you, use cookies, embed additional third-party tracking, and monitor your interaction with that embedded content, including tracking your interaction with the embedded content if you have an account and are logged in to that website.<\/p>\n<!-- \/wp:paragraph -->\n\n<!-- wp:heading {\"level\":3} -->\n<h3>Analytics<\/h3>\n<!-- \/wp:heading -->\n\n<!-- wp:heading -->\n<h2>Who we share your data with<\/h2>\n<!-- \/wp:heading -->\n\n<!-- wp:heading -->\n<h2>How long we retain your data<\/h2>\n<!-- \/wp:heading -->\n\n<!-- wp:paragraph -->\n<p>If you leave a comment, the comment and its metadata are retained indefinitely. This is so we can recognize and approve any follow-up comments automatically instead of holding them in a moderation queue.<\/p>\n<!-- \/wp:paragraph -->\n\n<!-- wp:paragraph -->\n<p>For users that register on our website (if any), we also store the personal information they provide in their user profile. All users can see, edit, or delete their personal information at any time (except they cannot change their username). Website administrators can also see and edit that information.<\/p>\n<!-- \/wp:paragraph -->\n\n<!-- wp:heading -->\n<h2>What rights you have over your data<\/h2>\n<!-- \/wp:heading -->\n\n<!-- wp:paragraph -->\n<p>If you have an account on this site, or have left comments, you can request to receive an exported file of the personal data we hold about you, including any data you have provided to us. You can also request that we erase any personal data we hold about you. This does not include any data we are obliged to keep for administrative, legal, or security purposes.<\/p>\n<!-- \/wp:paragraph -->\n\n<!-- wp:heading -->\n<h2>Where we send your data<\/h2>\n<!-- \/wp:heading -->\n\n<!-- wp:paragraph -->\n<p>Visitor comments may be checked through an automated spam detection service.<\/p>\n<!-- \/wp:paragraph -->\n\n<!-- wp:heading -->\n<h2>Your contact information<\/h2>\n<!-- \/wp:heading -->\n\n<!-- wp:heading -->\n<h2>Additional information<\/h2>\n<!-- \/wp:heading -->\n\n<!-- wp:heading {\"level\":3} -->\n<h3>How we protect your data<\/h3>\n<!-- \/wp:heading -->\n\n<!-- wp:heading {\"level\":3} -->\n<h3>What data breach procedures we have in place<\/h3>\n<!-- \/wp:heading -->\n\n<!-- wp:heading {\"level\":3} -->\n<h3>What third parties we receive data from<\/h3>\n<!-- \/wp:heading -->\n\n<!-- wp:heading {\"level\":3} -->\n<h3>What automated decision making and\/or profiling we do with user data<\/h3>\n<!-- \/wp:heading -->\n\n<!-- wp:heading {\"level\":3} -->\n<h3>Industry regulatory disclosure requirements<\/h3>\n<!-- \/wp:heading -->","_et_gb_content_width":"","footnotes":""},"class_list":["post-3","page","type-page","status-publish","hentry"],"_links":{"self":[{"href":"https:\/\/reservaespaciosdeportivos.laroda.es\/index.php?rest_route=\/wp\/v2\/pages\/3"}],"collection":[{"href":"https:\/\/reservaespaciosdeportivos.laroda.es\/index.php?rest_route=\/wp\/v2\/pages"}],"about":[{"href":"https:\/\/reservaespaciosdeportivos.laroda.es\/index.php?rest_route=\/wp\/v2\/types\/page"}],"author":[{"embeddable":true,"href":"https:\/\/reservaespaciosdeportivos.laroda.es\/index.php?rest_route=\/wp\/v2\/users\/4"}],"replies":[{"embeddable":true,"href":"https:\/\/reservaespaciosdeportivos.laroda.es\/index.php?rest_route=%2Fwp%2Fv2%2Fcomments&post=3"}],"version-history":[{"count":3,"href":"https:\/\/reservaespaciosdeportivos.laroda.es\/index.php?rest_route=\/wp\/v2\/pages\/3\/revisions"}],"predecessor-version":[{"id":244,"href":"https:\/\/reservaespaciosdeportivos.laroda.es\/index.php?rest_route=\/wp\/v2\/pages\/3\/revisions\/244"}],"wp:attachment":[{"href":"https:\/\/reservaespaciosdeportivos.laroda.es\/index.php?rest_route=%2Fwp%2Fv2%2Fmedia&parent=3"}],"curies":[{"name":"wp","href":"https:\/\/api.w.org\/{rel}","templated":true}]}}